{"id":485,"date":"2017-01-26T14:06:00","date_gmt":"2017-01-26T19:06:00","guid":{"rendered":"http:\/\/studiosonogram.com\/?page_id=485\/"},"modified":"2019-11-29T11:25:48","modified_gmt":"2019-11-29T16:25:48","slug":"service-video-description","status":"publish","type":"page","link":"https:\/\/studiosonogram.com\/fr\/service-video-description\/","title":{"rendered":"Vid\u00e9o description"},"content":{"rendered":"<h4><a href=\"https:\/\/studiosonogram.com\/fr\/service-video-description\/video-description-studiosonogram-2\/\" rel=\"attachment wp-att-500\"><img loading=\"lazy\" class=\"aligncenter wp-image-507 size-large\" src=\"http:\/\/studiosonogram.com\/wp-content\/uploads\/2017\/01\/video-description-studiosonogram-1024x682.jpg\" alt=\"Vid\u00e9o description\" width=\"1024\" height=\"682\" srcset=\"https:\/\/studiosonogram.com\/wp-content\/uploads\/2017\/01\/video-description-studiosonogram-1024x682.jpg 1024w, https:\/\/studiosonogram.com\/wp-content\/uploads\/2017\/01\/video-description-studiosonogram-300x200.jpg 300w, https:\/\/studiosonogram.com\/wp-content\/uploads\/2017\/01\/video-description-studiosonogram-768x512.jpg 768w, https:\/\/studiosonogram.com\/wp-content\/uploads\/2017\/01\/video-description-studiosonogram-600x400.jpg 600w, https:\/\/studiosonogram.com\/wp-content\/uploads\/2017\/01\/video-description-studiosonogram.jpg 1642w\" sizes=\"(max-width: 1024px) 100vw, 1024px\" \/><\/a>Services de vid\u00e9o description<\/h4>\n<p>Le service de\u00a0<strong>vid\u00e9o description<\/strong>\u00a0est offert \u00e0 nos clients diffuseurs et producteurs. Il permet aux t\u00e9l\u00e9spectateurs ayant une d\u00e9ficience visuelle de mieux comprendre ce qui se passe \u00e0 l\u2019\u00e9cran en produisant une trame sonore additionnelle, d\u00e9crivant certains \u00e9l\u00e9ments visuels cl\u00e9s tels : le paysage, les d\u00e9cors, les v\u00eatements ou les expressions physiques.<\/p>\n<h4>\u00c0 propos de nous<\/h4>\n<p>S\u2019appuyant sur un savoir-faire de plus de 20 ans dans le domaine audio-visuel, notre studio qui compte parmi les studios majeurs de la r\u00e9gion de Montr\u00e9al, vous offre un service rapide et fiable. Notre banque de voix professionnelles permet une adaptation aux diff\u00e9rents styles de production.<\/p>\n<p>Nous pouvons livrer le mat\u00e9riel selon vos sp\u00e9cifications via notre serveur FTP.<\/p>\n<p>Pour toute question concernant ces services, veuillez contactez :<\/p>\n<p>Claudette Boucher &#8211; Studio Sonogram au <a href=\"tel:4506622311\" target=\"_blank\">450-662-2311<\/a><\/p>\n","protected":false},"excerpt":{"rendered":"<p>Services de vid\u00e9o description Le service de\u00a0vid\u00e9o description\u00a0est offert \u00e0 nos clients diffuseurs et producteurs. Il permet aux t\u00e9l\u00e9spectateurs ayant une d\u00e9ficience visuelle de mieux comprendre ce qui se passe \u00e0 l\u2019\u00e9cran en produisant une trame sonore additionnelle, d\u00e9crivant certains \u00e9l\u00e9ments visuels cl\u00e9s tels : le paysage, les d\u00e9cors, les v\u00eatements ou les expressions physiques. \u00c0 propos de nous S\u2019appuyant sur un savoir-faire de plus de 20 ans dans le domaine audio-visuel, notre studio qui compte parmi les studios majeurs de la r\u00e9gion de Montr\u00e9al, vous offre un service rapide et fiable. Notre banque de voix professionnelles permet une adaptation.<\/p>\n","protected":false},"author":1,"featured_media":507,"parent":0,"menu_order":0,"comment_status":"closed","ping_status":"closed","template":"","meta":[],"yst_prominent_words":[],"_links":{"self":[{"href":"https:\/\/studiosonogram.com\/fr\/wp-json\/wp\/v2\/pages\/485"}],"collection":[{"href":"https:\/\/studiosonogram.com\/fr\/wp-json\/wp\/v2\/pages"}],"about":[{"href":"https:\/\/studiosonogram.com\/fr\/wp-json\/wp\/v2\/types\/page"}],"author":[{"embeddable":true,"href":"https:\/\/studiosonogram.com\/fr\/wp-json\/wp\/v2\/users\/1"}],"replies":[{"embeddable":true,"href":"https:\/\/studiosonogram.com\/fr\/wp-json\/wp\/v2\/comments?post=485"}],"version-history":[{"count":12,"href":"https:\/\/studiosonogram.com\/fr\/wp-json\/wp\/v2\/pages\/485\/revisions"}],"predecessor-version":[{"id":566,"href":"https:\/\/studiosonogram.com\/fr\/wp-json\/wp\/v2\/pages\/485\/revisions\/566"}],"wp:featuredmedia":[{"embeddable":true,"href":"https:\/\/studiosonogram.com\/fr\/wp-json\/wp\/v2\/media\/507"}],"wp:attachment":[{"href":"https:\/\/studiosonogram.com\/fr\/wp-json\/wp\/v2\/media?parent=485"}],"wp:term":[{"taxonomy":"yst_prominent_words","embeddable":true,"href":"https:\/\/studiosonogram.com\/fr\/wp-json\/wp\/v2\/yst_prominent_words?post=485"}],"curies":[{"name":"wp","href":"https:\/\/api.w.org\/{rel}","templated":true}]}}