{"id":421,"date":"2016-05-03T11:57:39","date_gmt":"2016-05-03T16:57:39","guid":{"rendered":"http:\/\/studiosonogram.com\/fr\/?page_id=421"},"modified":"2024-02-15T10:38:53","modified_gmt":"2024-02-15T15:38:53","slug":"realite-virtuelle","status":"publish","type":"page","link":"https:\/\/studiosonogram.com\/fr\/realite-virtuelle\/","title":{"rendered":"R\u00e9alit\u00e9 virtuelle"},"content":{"rendered":"<p>La r\u00e9alit\u00e9 virtuelle est la nouvelle fa\u00e7on de d\u00e9couvrir le monde et de vivre des exp\u00e9riences visuelles indescriptibles ! Elle est utilis\u00e9e dans un certain nombre de domaines tels que\u00a0<strong>le jeu vid\u00e9o, le sport <\/strong>ou la\u00a0<strong>t\u00e9l\u00e9phonie mobile<\/strong>. Plus g\u00e9n\u00e9ralement, la r\u00e9alit\u00e9 virtuelle offre de nombreuses possibilit\u00e9s pour le divertissement :\u00a0 films en cin\u00e9masph\u00e8re, visites virtuelles de mus\u00e9es sont quelques-unes des mille et une applications imaginables.<\/p>\n<p><a href=\"http:\/\/studiosonogram.com\/sonogram-banner-virtual-reality-fr-5-2\/\" rel=\"attachment wp-att-483\"><img loading=\"lazy\" class=\"aligncenter size-large wp-image-483\" src=\"http:\/\/studiosonogram.com\/wp-content\/uploads\/2016\/11\/sonogram-banner-virtual-reality-fr-5-1024x400.jpg\" alt=\"sonogram-banner-virtual-reality-fr-5\" width=\"1024\" height=\"400\" srcset=\"https:\/\/studiosonogram.com\/wp-content\/uploads\/2016\/11\/sonogram-banner-virtual-reality-fr-5-1024x400.jpg 1024w, https:\/\/studiosonogram.com\/wp-content\/uploads\/2016\/11\/sonogram-banner-virtual-reality-fr-5-300x117.jpg 300w, https:\/\/studiosonogram.com\/wp-content\/uploads\/2016\/11\/sonogram-banner-virtual-reality-fr-5-768x300.jpg 768w, https:\/\/studiosonogram.com\/wp-content\/uploads\/2016\/11\/sonogram-banner-virtual-reality-fr-5.jpg 1920w\" sizes=\"(max-width: 1024px) 100vw, 1024px\" \/><\/a><\/p>\n<p>La r\u00e9alit\u00e9 virtuelle est une cl\u00e9 pour le futur. Malgr\u00e9 sa grande complexit\u00e9, il est facile de comprendre \u00e0 quoi elle peut et pourra servir dans les ann\u00e9es futures : Des choses comme la t\u00e9l\u00e9robotique, la chirurgie, la communication, la documentation, la mode, le divertissement, la simulation, l&rsquo;\u00e9ducation, l&rsquo;arm\u00e9e, l&rsquo;art graphique, l&rsquo;architecture, l&rsquo;audiovisuel, les affaires, l&rsquo;a\u00e9rospatial&#8230; sont tous des domaines qui utilisent ou utiliseront la r\u00e9alit\u00e9 virtuelle. Selon plusieurs \u00e9tudes,\u00a0 les revenus de la r\u00e9alit\u00e9 virtuelle pourraient s\u2019\u00e9lever \u00e0\u00a0<strong>150 milliards de dollars en 2020.\u00a0<\/strong><\/p>\n<p>Avec la venue de joueurs comme Samsung (Oculus) HTC, Sony, Google, Apple on ne peut que se r\u00e9jouir de joueurs aussi s\u00e9rieux, qui ont mis plusieurs milliards dans cette technologie \u00a0afin de la rendre accessible \u00e0 tous ! Donc la technologie est l\u00e0 pour rester et Sonogram est en premi\u00e8re ligne afin de combler vos projets !<\/p>\n<p>Nos tournages en 180\u00b0 vous offre une exp\u00e9rience unique d\u2019immersion totale. La qualit\u00e9 de profondeur est sup\u00e9rieure au tournage en 360\u00b0 et vous cr\u00e9e l\u2019illusion de faire partie du d\u00e9cor.\u00a0\u00a0 Avec les progr\u00e8s de la technologie, il est \u00e9galement possible de d\u00e9placer sa t\u00eate et son regard \u00e0 360\u00b0 dans un monde virtuel, d\u2019effectuer certains gestes par la reconnaissance de mouvements, et parfois, de se d\u00e9placer sur quelques m\u00e8tres autour de soi, tant dans la r\u00e9alit\u00e9 que dans l&rsquo;univers parall\u00e8le propos\u00e9 par cette technologie.\u00a0 Elle permet ainsi de se projeter enti\u00e8rement dans des mondes imaginaires,\u00a0 autant de \u00abvoyages\u00a0\u00bb inaccessibles au commun des mortels.<\/p>\n<p>Nous pouvons vous aider \u00e0 mettre en place vos id\u00e9es et \u00e0 r\u00e9aliser le tout avec notre formule cl\u00e9 en main<\/p>\n<p>Avec la R\u00e9alit\u00e9 Virtuelle soyez au C\u0152UR de l\u2019action, \u00a0en plus de vous permettre de CHOISIR quelle action vous pr\u00e9f\u00e9rez regarder !<\/p>\n<p>&nbsp;<\/p>\n","protected":false},"excerpt":{"rendered":"<p>La r\u00e9alit\u00e9 virtuelle est la nouvelle fa\u00e7on de d\u00e9couvrir le monde et de vivre des exp\u00e9riences visuelles indescriptibles ! Elle est utilis\u00e9e dans un certain nombre de domaines tels que\u00a0le jeu vid\u00e9o, le sport ou la\u00a0t\u00e9l\u00e9phonie mobile. Plus g\u00e9n\u00e9ralement, la r\u00e9alit\u00e9 virtuelle offre de nombreuses possibilit\u00e9s pour le divertissement :\u00a0 films en cin\u00e9masph\u00e8re, visites virtuelles de mus\u00e9es sont quelques-unes des mille et une applications imaginables. La r\u00e9alit\u00e9 virtuelle est une cl\u00e9 pour le futur. Malgr\u00e9 sa grande complexit\u00e9, il est facile de comprendre \u00e0 quoi elle peut et pourra servir dans les ann\u00e9es futures : Des choses comme la t\u00e9l\u00e9robotique,.<\/p>\n","protected":false},"author":3,"featured_media":483,"parent":0,"menu_order":0,"comment_status":"closed","ping_status":"closed","template":"","meta":[],"yst_prominent_words":[],"_links":{"self":[{"href":"https:\/\/studiosonogram.com\/fr\/wp-json\/wp\/v2\/pages\/421"}],"collection":[{"href":"https:\/\/studiosonogram.com\/fr\/wp-json\/wp\/v2\/pages"}],"about":[{"href":"https:\/\/studiosonogram.com\/fr\/wp-json\/wp\/v2\/types\/page"}],"author":[{"embeddable":true,"href":"https:\/\/studiosonogram.com\/fr\/wp-json\/wp\/v2\/users\/3"}],"replies":[{"embeddable":true,"href":"https:\/\/studiosonogram.com\/fr\/wp-json\/wp\/v2\/comments?post=421"}],"version-history":[{"count":11,"href":"https:\/\/studiosonogram.com\/fr\/wp-json\/wp\/v2\/pages\/421\/revisions"}],"predecessor-version":[{"id":554,"href":"https:\/\/studiosonogram.com\/fr\/wp-json\/wp\/v2\/pages\/421\/revisions\/554"}],"wp:featuredmedia":[{"embeddable":true,"href":"https:\/\/studiosonogram.com\/fr\/wp-json\/wp\/v2\/media\/483"}],"wp:attachment":[{"href":"https:\/\/studiosonogram.com\/fr\/wp-json\/wp\/v2\/media?parent=421"}],"wp:term":[{"taxonomy":"yst_prominent_words","embeddable":true,"href":"https:\/\/studiosonogram.com\/fr\/wp-json\/wp\/v2\/yst_prominent_words?post=421"}],"curies":[{"name":"wp","href":"https:\/\/api.w.org\/{rel}","templated":true}]}}