{"id":282,"date":"2015-12-07T12:58:34","date_gmt":"2015-12-07T17:58:34","guid":{"rendered":"http:\/\/studiosonogram.com\/fr\/?page_id=282"},"modified":"2024-02-15T10:47:16","modified_gmt":"2024-02-15T15:47:16","slug":"equipement-studio-audiovisuel","status":"publish","type":"page","link":"https:\/\/studiosonogram.com\/fr\/equipement-studio-audiovisuel\/","title":{"rendered":"\u00c9quipement studio audiovisuel"},"content":{"rendered":"<h2>\u00c9quipement studio audiovisuel \u00ab\u00a0A\u00a0\u00bb<\/h2>\n<p>Notre \u00e9quipement studio audiovisuel et haute-fid\u00e9lit\u00e9 est pr\u00eat autant pour les projets\u00a0audio que\u00a0vid\u00e9o les plus exigeants. Que vous ayez besoin d&rsquo;enregistrement audio, de traduction, de sous-titrage, de mixage audio, de masterisation ou de tout ces services en m\u00eame temps, l&rsquo;\u00e9quipement \u00e0 la fine pointe de la technologie du Studio Sonogram peut s&rsquo;en occuper pour vous. Nos studios sont divis\u00e9s en 4 diff\u00e9rentes sections afin d\u2019accommoder sp\u00e9cifiquement tous les projets audiovisuels.<\/p>\n<h3><a href=\"http:\/\/studiosonogram.com\/studio2-2\/\" rel=\"attachment wp-att-539\"><img loading=\"lazy\" class=\"aligncenter size-large wp-image-539\" src=\"http:\/\/studiosonogram.com\/wp-content\/uploads\/2018\/12\/studio2-1024x638.jpg\" alt=\"studio2\" width=\"1024\" height=\"638\" srcset=\"https:\/\/studiosonogram.com\/wp-content\/uploads\/2018\/12\/studio2-1024x638.jpg 1024w, https:\/\/studiosonogram.com\/wp-content\/uploads\/2018\/12\/studio2-300x187.jpg 300w, https:\/\/studiosonogram.com\/wp-content\/uploads\/2018\/12\/studio2-768x478.jpg 768w\" sizes=\"(max-width: 1024px) 100vw, 1024px\" \/><\/a><\/h3>\n<ul>\n<li>\n<h5>Syst\u00e8me Num\u00e9rique<\/h5>\n<ul>\n<li>Suite PRO TOOLS (HD 3 ACCEL)<\/li>\n<li>Mix Dolby Digital 5.1 (surround)<\/li>\n<li>Interface : (192 I\/O with 192 A\/D Expansion Card SYNC I\/O)<\/li>\n<li>Double G4 1.25 GHz (avec 1.25 Gb de m\u00e9moire\u00a0RAM)<\/li>\n<li>Disques durs Lacie<\/li>\n<li>2 moniteurs LCD (17 pouces)<\/li>\n<\/ul>\n<\/li>\n<li>\n<h5>Console<\/h5>\n<ul>\n<li>Neotek Elite (36 entr\u00e9es 26 sorties)<\/li>\n<li>Automation Optifile<\/li>\n<\/ul>\n<\/li>\n<li>\n<h5>Enregistreurs<\/h5>\n<ul>\n<li>1 Otari MTR-90 (24 Pistes) avec\u00a0Dolby SR<\/li>\n<li>1 Akai DR4<\/li>\n<li>1 Akai DR16<\/li>\n<li>1 Dat Tascam DA-30MK2<\/li>\n<li>1 Tape cassette Tascam 122 MK2 Processors<\/li>\n<li>1 Disque compact Marantz PMD 321<\/li>\n<\/ul>\n<\/li>\n<li>\n<h5>Amplificateurs<\/h5>\n<ul>\n<li>1 QSC 3800<\/li>\n<li>3 QSC 3500<\/li>\n<li>2 Quad 303<\/li>\n<li>1 Hafler P-3000<\/li>\n<\/ul>\n<\/li>\n<li>\n<h5>Microphones<\/h5>\n<ul>\n<li>1 Rode Classic<\/li>\n<li>1 Tube AKG<\/li>\n<li>2 Neuman TLM-170<\/li>\n<li>1 Neuman KM-84<\/li>\n<li>2 Shoeps Colette<\/li>\n<li>4 Sennheiser 421<\/li>\n<li>2 Sennheiser 441<\/li>\n<li>2 AKG 451 EB<\/li>\n<li>1 AKG D12 E<\/li>\n<li>1 Shure SM 57<\/li>\n<li>1 Electro voice Re 20<\/li>\n<li>1 AKG C-3000<\/li>\n<li>1 PZM<\/li>\n<li>1 Yamaha MZ 105 BE<\/li>\n<\/ul>\n<\/li>\n<li>\n<h5>Eq. \/ Mastering processor \/\u00a0De-esser \/ Noise gate<\/h5>\n<ul>\n<li>1 T.C. Electronic Finalizer Plus<\/li>\n<li>1 SPL Stereo Vitaliser 2<\/li>\n<li>1 Aphex Aural exciter with\u00a0Big Bottom<\/li>\n<li>1 EQ Urei 545 Parametric Equalizer<\/li>\n<li>1 Symetrix 564 E (Quad expander gate)<\/li>\n<li>1 DE-ESSER DBX<\/li>\n<li>1 Drawmer MX 50 Dual de-esser<\/li>\n<li>1 Lexicon Reflex<\/li>\n<li>1 Digitech StudioTwin<\/li>\n<li>1 Lexicon 480 L<\/li>\n<li>1 Evantide H-3000 Ultra-harmonizer<\/li>\n<li>1 SPX-900<\/li>\n<li>1 Lexicon PCM 70<\/li>\n<\/ul>\n<\/li>\n<li>\n<h5>Compresseurs \/ Limiteurs Mic-pre<\/h5>\n<ul>\n<li>1 Compellor Aphex<\/li>\n<li>1 Compressor Limiter Tube UTCL-2A<\/li>\n<li>1 Drawmer M-500<\/li>\n<li>1 Symetrix 522<\/li>\n<li>1 Focusrite 2<\/li>\n<li>1 Focusrite 3<\/li>\n<li>1 Focusrite 6<\/li>\n<li>1 Focusrite 7<\/li>\n<li>3 DBX-166 stereo compact disc<\/li>\n<\/ul>\n<\/li>\n<li>\n<h5>Moniteurs<\/h5>\n<ul>\n<li>CF-2000 State of the Art (SOTA)<\/li>\n<li>Yamaha NS-10<\/li>\n<li>5 Caisses Mackie HR-824<\/li>\n<li>Sub Velodyne<\/li>\n<\/ul>\n<\/li>\n<li>\n<h5>\u00c9couteurs<\/h5>\n<ul>\n<li>3 Sony MDR-7506<\/li>\n<li>1 Sennheiser HD-280 pro<\/li>\n<li>2 Denon AH-D750<\/li>\n<li>1 Beyerdynamic DT 250<\/li>\n<li>2 Beyerdynamic DT 100<\/li>\n<\/ul>\n<\/li>\n<\/ul>\n<hr \/>\n<h3>\u00a0<a href=\"https:\/\/studiosonogram.com\/fr\/equipement-studio-audiovisuel\/studiosb3-2\/\" rel=\"attachment wp-att-541\"><img loading=\"lazy\" class=\"aligncenter size-large wp-image-541\" src=\"http:\/\/studiosonogram.com\/wp-content\/uploads\/2015\/12\/studiosb3-1024x447.jpg\" alt=\"studiosb3\" width=\"1024\" height=\"447\" srcset=\"https:\/\/studiosonogram.com\/wp-content\/uploads\/2015\/12\/studiosb3-1024x447.jpg 1024w, https:\/\/studiosonogram.com\/wp-content\/uploads\/2015\/12\/studiosb3-300x131.jpg 300w, https:\/\/studiosonogram.com\/wp-content\/uploads\/2015\/12\/studiosb3-768x336.jpg 768w\" sizes=\"(max-width: 1024px) 100vw, 1024px\" \/><\/a><\/h3>\n<h3>\u00c9quipement studio audiovisuel \u00ab\u00a0B\u00a0\u00bb<\/h3>\n<ul>\n<li>\n<h5>Syst\u00e8me num\u00e9rique<\/h5>\n<ul>\n<li>Suite PROTOOLS (HD 5 ACCEL)<\/li>\n<li>incluant interfaces 192 I\/O + 961 I\/O<\/li>\n<li>Ch\u00e2ssis d&rsquo;expansion<\/li>\n<li>Macintosh G5 Quad Processor<\/li>\n<li>4GB de m\u00e9moire\u00a0RAM<\/li>\n<li>2 Disques durs Lacie 2TB<\/li>\n<li>3 Moniteurs LCD (17 pouces)<\/li>\n<\/ul>\n<\/li>\n<li>\n<h5>Claviers<\/h5>\n<ul>\n<li>Roland D-10<\/li>\n<li>Roland JX-3P<\/li>\n<li>Roland Juno 106<\/li>\n<li>Roland Sampler S-50<\/li>\n<li>Yamaha Clavinova CLP-300<\/li>\n<\/ul>\n<\/li>\n<li>\n<h5>Modules de son<\/h5>\n<ul>\n<li>1 JV-2080 (avec 5 expansions de son)<\/li>\n<li>2 Samplers Akai S-3000XL (32 Megs chaque) + CD-ROM<\/li>\n<li>1 Sampler Peavey SX II (16 Megs)<\/li>\n<li>1 Peavey SP (16 Megs)<\/li>\n<li>1 Orbit 9090 E-Mu<\/li>\n<li>1 Trinitron-rack Korg<\/li>\n<li>1 Drum machine Roland TR-707<\/li>\n<li>1 Octopad Yamaha DD-14<\/li>\n<li>1 Alesis Drum DM5<\/li>\n<li>1 Xtreme Lead-1 E-Mu<\/li>\n<\/ul>\n<\/li>\n<li>\n<h5>Console<\/h5>\n<ul>\n<li>Control 24 (Digidesign \/ Focusrite)<\/li>\n<\/ul>\n<\/li>\n<li>\n<h5>Processeurs<\/h5>\n<ul>\n<li>1 Yamaha SPX-90<\/li>\n<li>1 Lexicon Reflex<\/li>\n<li>1 Peavey AddVerb II<\/li>\n<li>1 Peavey Univerb<\/li>\n<li>1 Art FXR Elite<\/li>\n<li>1 Digitech TSR-6<\/li>\n<\/ul>\n<\/li>\n<li>\n<h5>EQ<\/h5>\n<ul>\n<li>1 Alesis 1\/3 octaves M-EQ 230<\/li>\n<li>1 Graphic Equalizer Pioneer GR-470<\/li>\n<li>1 Spectrum Analizer Pioneer GR-777<\/li>\n<li>1 Psychoacoustic equalizer SPL Vitalizer<\/li>\n<\/ul>\n<\/li>\n<li>\n<h5>Compressors + Noise Gate<\/h5>\n<ul>\n<li>5 Compresseurs Boss CL-50<\/li>\n<li>1 Compresseur Alesis 3630<\/li>\n<li>1 Noise Gate\u00a0St\u00e9r\u00e9o Boss NS-50<\/li>\n<\/ul>\n<\/li>\n<li>\n<h5>Disque compact<\/h5>\n<ul>\n<li>1 Denon DCD-815<\/li>\n<\/ul>\n<\/li>\n<li>\n<h5>Enregistreurs<\/h5>\n<ul>\n<li>1 Tascam DA-88<\/li>\n<li>1 DAT Sony DTC-750<\/li>\n<li>1 DAT Tascam DA-20<\/li>\n<li>1 Tape cassette JVC TD-W801<\/li>\n<li>1 Pro Tools LE 5.0.1 (24 Audio Tracks \/ 24-bit)<\/li>\n<\/ul>\n<\/li>\n<li>\n<h5>Ordinateurs<\/h5>\n<ul>\n<li>Pentium III 600 Mhz 320 MB de m\u00e9moire\u00a0RAM<\/li>\n<li>Espace disque de 18.2 Gig<\/li>\n<li>Carte de son Gina + D Card<\/li>\n<li>Br\u00fbleur CD Yamaha CRW44165<\/li>\n<li>Avec une multitude de logiciels<\/li>\n<li>Interface Midi timepiece MTP AV<\/li>\n<li>Interface Midi I\/O Digidesign<\/li>\n<\/ul>\n<\/li>\n<li>\n<h5>Moniteurs<\/h5>\n<ul>\n<li>5 Caisses Mackie HR-824<\/li>\n<li>Sub Velodyne<\/li>\n<li>Yorkville YSM-3<\/li>\n<\/ul>\n<\/li>\n<\/ul>\n<hr \/>\n<p><img loading=\"lazy\" class=\" wp-image-248 aligncenter\" src=\"http:\/\/studiosonogram.com\/wp-content\/uploads\/2015\/12\/studio-sonogram-studio-c-d-1024x427.jpg\" alt=\"Studio equipment Sonogram studio C and D\" width=\"700\" height=\"292\" srcset=\"https:\/\/studiosonogram.com\/wp-content\/uploads\/2015\/12\/studio-sonogram-studio-c-d-1024x427.jpg 1024w, https:\/\/studiosonogram.com\/wp-content\/uploads\/2015\/12\/studio-sonogram-studio-c-d-300x125.jpg 300w, https:\/\/studiosonogram.com\/wp-content\/uploads\/2015\/12\/studio-sonogram-studio-c-d.jpg 1920w\" sizes=\"(max-width: 700px) 100vw, 700px\" \/><\/p>\n<p><a href=\"https:\/\/studiosonogram.com\/fr\/equipement-studio-audiovisuel\/caption3-2\/\" rel=\"attachment wp-att-543\"><img loading=\"lazy\" class=\"aligncenter size-large wp-image-543\" src=\"http:\/\/studiosonogram.com\/wp-content\/uploads\/2015\/12\/caption3-1024x431.jpg\" alt=\"caption3\" width=\"1024\" height=\"431\" srcset=\"https:\/\/studiosonogram.com\/wp-content\/uploads\/2015\/12\/caption3-1024x431.jpg 1024w, https:\/\/studiosonogram.com\/wp-content\/uploads\/2015\/12\/caption3-300x126.jpg 300w, https:\/\/studiosonogram.com\/wp-content\/uploads\/2015\/12\/caption3-768x323.jpg 768w\" sizes=\"(max-width: 1024px) 100vw, 1024px\" \/><\/a><\/p>\n<h3>\u00c9quipement studio audiovisuel \u00ab\u00a0C\u00a0\u00bb et \u00ab\u00a0D\u00a0\u00bb<\/h3>\n<ul>\n<li>\n<h5>Ordinateurs et logiciels<\/h5>\n<ul>\n<li>4 G5 Dual 2MGH<\/li>\n<li>8 moniteurs de 17&Prime;<\/li>\n<li>Suite Final Cut Pro<\/li>\n<li>DVD Studio Pro<\/li>\n<li>Adobe Premiere<\/li>\n<li>Adobe After Effects<\/li>\n<li>Adobe Media Encoder<\/li>\n<li>Adobe Photoshop<\/li>\n<li>Adobe Illustrator<\/li>\n<li>Shake<\/li>\n<li>Motion<\/li>\n<li>2 Moniteurs Sony de 12&Prime;<\/li>\n<li>1 Moniteur T\u00e9l\u00e9 Sony LCD de 32&Prime;<\/li>\n<\/ul>\n<\/li>\n<li>\n<h5>Capture et sortie<\/h5>\n<ul>\n<li>Betacam Digital Sony J-30<\/li>\n<li>Betacam SP Sony<\/li>\n<li>Deck DVCam Sony<\/li>\n<li>Deck Mini DV Sony<\/li>\n<li>Lecteur \u00be Sony BVU-920<\/li>\n<li>Tour SCSI<\/li>\n<li>Plus de 40 TETRA\u00a0disques durs<\/li>\n<li>Compak DLT<\/li>\n<li>4 G5 Dual 2.2 ghz<\/li>\n<\/ul>\n<\/li>\n<\/ul>\n","protected":false},"excerpt":{"rendered":"<p>\u00c9quipement studio audiovisuel \u00ab\u00a0A\u00a0\u00bb Notre \u00e9quipement studio audiovisuel et haute-fid\u00e9lit\u00e9 est pr\u00eat autant pour les projets\u00a0audio que\u00a0vid\u00e9o les plus exigeants. Que vous ayez besoin d&rsquo;enregistrement audio, de traduction, de sous-titrage, de mixage audio, de masterisation ou de tout ces services en m\u00eame temps, l&rsquo;\u00e9quipement \u00e0 la fine pointe de la technologie du Studio Sonogram peut s&rsquo;en occuper pour vous. Nos studios sont divis\u00e9s en 4 diff\u00e9rentes sections afin d\u2019accommoder sp\u00e9cifiquement tous les projets audiovisuels. Syst\u00e8me Num\u00e9rique Suite PRO TOOLS (HD 3 ACCEL) Mix Dolby Digital 5.1 (surround) Interface : (192 I\/O with 192 A\/D Expansion Card SYNC I\/O) Double G4.<\/p>\n","protected":false},"author":1,"featured_media":0,"parent":0,"menu_order":0,"comment_status":"closed","ping_status":"closed","template":"","meta":[],"yst_prominent_words":[],"_links":{"self":[{"href":"https:\/\/studiosonogram.com\/fr\/wp-json\/wp\/v2\/pages\/282"}],"collection":[{"href":"https:\/\/studiosonogram.com\/fr\/wp-json\/wp\/v2\/pages"}],"about":[{"href":"https:\/\/studiosonogram.com\/fr\/wp-json\/wp\/v2\/types\/page"}],"author":[{"embeddable":true,"href":"https:\/\/studiosonogram.com\/fr\/wp-json\/wp\/v2\/users\/1"}],"replies":[{"embeddable":true,"href":"https:\/\/studiosonogram.com\/fr\/wp-json\/wp\/v2\/comments?post=282"}],"version-history":[{"count":10,"href":"https:\/\/studiosonogram.com\/fr\/wp-json\/wp\/v2\/pages\/282\/revisions"}],"predecessor-version":[{"id":651,"href":"https:\/\/studiosonogram.com\/fr\/wp-json\/wp\/v2\/pages\/282\/revisions\/651"}],"wp:attachment":[{"href":"https:\/\/studiosonogram.com\/fr\/wp-json\/wp\/v2\/media?parent=282"}],"wp:term":[{"taxonomy":"yst_prominent_words","embeddable":true,"href":"https:\/\/studiosonogram.com\/fr\/wp-json\/wp\/v2\/yst_prominent_words?post=282"}],"curies":[{"name":"wp","href":"https:\/\/api.w.org\/{rel}","templated":true}]}}