{"id":103,"date":"2015-08-20T03:05:28","date_gmt":"2015-08-20T08:05:28","guid":{"rendered":"http:\/\/themes.esmeth.com\/artcore\/?page_id=5"},"modified":"2026-04-21T18:06:59","modified_gmt":"2026-04-21T23:06:59","slug":"accueil","status":"publish","type":"page","link":"https:\/\/studiosonogram.com\/fr\/","title":{"rendered":"Accueil"},"content":{"rendered":"<div id=\"aq-template-wrapper-269\" class=\"aq-template-wrapper aq_row\"><!-- Section Start --><div id=\"call-to-action\" class=\"clearfix standard\" style=\"background-color:#e6772e;   padding-bottom:20px; padding-top:20px;\"  ><div class=\"container\"><div class=\"row\"><div id=\"aq-block-269-2\" class=\"aq-block aq-block-ptf_cta_block aq_span12 aq-first clearfix\">            \r\n            <div class=\"call-to-action\">\r\n                <div class=\"cta-inner clearfix\">\r\n                     <div class=\"cta-text\">\r\n                        <h5 class=\"cta-title\">Contactez l&#039;\u00e9quipe de Sonogram maintenant!<\/h5>\r\n                     <\/div>\r\n                     \r\n                                              \r\n                         <div class=\"cta-button\">\r\n                            <a target=\"_self\" href=\"?p=64\" class=\"btn btn-bordered\">Contactez-nous<\/a>\r\n                         <\/div>\r\n                         \r\n                     \r\n                            \r\n               <\/div>\r\n           <\/div>       \r\n    \r\n        <\/div><\/div><\/div><\/div><!-- Section End --><!-- Section Start --><div id=\"services\" class=\"clearfix standard\" style=\"background-color:#ffffff;   padding-bottom:60px; padding-top:60px;\"  ><div class=\"container\"><div class=\"row\"><div id=\"aq-block-269-5\" class=\"aq-block aq-block-ptf_text_block aq_span12 aq-first clearfix\"><\/div><div class=\"services-wrapper\">\r\n                <div class=\"text-center service-post col-md-3\">\r\n                    <span class=\"service-icon fa fa-step-forward\"><\/span>\r\n                    <h5 class=\"service-title\">Sous-titrage en direct<\/h5>\r\n                    <p>Nous offrons le service de sous-titrage en temps r\u00e9el pour les t\u00e9l\u00e9-diffuseurs, les \u00e9v\u00e9nements, les r\u00e9unions, la diffusion en direct et beaucoup plus.<\/p>\r\n                    <div class=\"spacer\"><\/div>                    \r\n                <\/div>\r\n                <div class=\"text-center service-post col-md-3\">\r\n                    <span class=\"service-icon fa fa-globe\"><\/span>\r\n                    <h5 class=\"service-title\">Traduction<\/h5>\r\n                    <p>Notre service de traduction est offert en plusieurs langues et est effectu\u00e9 par des traducteur\/traductrices professionnels.<\/p>\r\n                    <div class=\"spacer\"><\/div>                    \r\n                <\/div>\r\n                <div class=\"text-center service-post col-md-3\">\r\n                    <span class=\"service-icon fa fa-cc\"><\/span>\r\n                    <h5 class=\"service-title\">Sous-titrage<\/h5>\r\n                    <p>Le d\u00e9partement de sous-titrage Sonogram est pr\u00eat \u00e0 compl\u00e9ter vos projets dans les meilleurs d\u00e9lais et avec une flexibilit\u00e9 ainsi qu'une qualit\u00e9 accrue.<\/p>\r\n                    <div class=\"spacer\"><\/div>                    \r\n                <\/div>\r\n                <div class=\"text-center service-post col-md-3\">\r\n                    <span class=\"service-icon fa fa-file-video-o\"><\/span>\r\n                    <h5 class=\"service-title\">Vid\u00e9o Description<\/h5>\r\n                    <p>Nos services de vid\u00e9o description sont rapides et fiables. Vous pouvez nous confier vos projets de vid\u00e9o description en toute tranquillit\u00e9 et savoir que le travail sera effectu\u00e9 selon vos sp\u00e9cifications.<\/p>\r\n                    <div class=\"spacer\"><\/div>                    \r\n                <\/div><\/div><\/div><\/div><\/div><!-- Section End --><!-- Section Start --><div id=\"projets-recents\" class=\"clearfix full-width\" style=\"background-color:#f2f2f2;   padding-bottom:0; padding-top:60px;\"  >        \r\n        <div class=\"clearfix section-header\" style=\"padding-bottom:60px; \" >\r\n             <div class=\"col-sm-12 text-center\">\r\n                 <h3 style=\"color:#3e3e3e;\">Projets audiovisuels<\/h3>\r\n                 \r\n                                      \r\n                    <p style=\"color:#6e6e6e;\">Notre \u00e9quipe d&#039;experts n&#039;arr\u00eate jamais. Nous sommes l\u00e0 pour vous!<\/p>                    \r\n                                  \r\n            <\/div>\r\n        <\/div>\r\n\r\n    <div class=\"projects-holder clearfix\">  \r\n           <article class=\"project-post col-md-3\">\r\n               <a href=\"https:\/\/studiosonogram.com\/fr\/project\/balado-me-yves-jolicoeur-re-max\/\" class=\"project-link\">\r\n                   <div class=\"project-overlay\"><\/div>\r\n                   <div class=\"project-hover\">\r\n                       <h5 class=\"project-title\">Balado Me Yves Jolicoeur \/ Re-Max<\/h5>\r\n                       <p class=\"project-category\">Studio Balados<\/p>\r\n                   <\/div>\r\n                                          <div class=\"image-placeholder\">\r\n                            <img width=\"840\" height=\"525\" src=\"https:\/\/studiosonogram.com\/wp-content\/uploads\/2024\/02\/IMG_1980-840x525.jpg\" class=\"attachment-ptf-project-thumb size-ptf-project-thumb wp-post-image\" alt=\"\" loading=\"lazy\" \/>                       <\/div>\r\n                                  <\/a>\r\n           <\/article>                               \r\n          \r\n           <article class=\"project-post col-md-3\">\r\n               <a href=\"https:\/\/studiosonogram.com\/fr\/project\/barbie\/\" class=\"project-link\">\r\n                   <div class=\"project-overlay\"><\/div>\r\n                   <div class=\"project-hover\">\r\n                       <h5 class=\"project-title\">Barbie<\/h5>\r\n                       <p class=\"project-category\">Sous-titrage<\/p>\r\n                   <\/div>\r\n                                          <div class=\"image-placeholder\">\r\n                            <img width=\"640\" height=\"336\" src=\"https:\/\/studiosonogram.com\/wp-content\/uploads\/2023\/08\/barbie.jpeg\" class=\"attachment-ptf-project-thumb size-ptf-project-thumb wp-post-image\" alt=\"\" loading=\"lazy\" srcset=\"https:\/\/studiosonogram.com\/wp-content\/uploads\/2023\/08\/barbie.jpeg 640w, https:\/\/studiosonogram.com\/wp-content\/uploads\/2023\/08\/barbie-300x158.jpeg 300w\" sizes=\"(max-width: 640px) 100vw, 640px\" \/>                       <\/div>\r\n                                  <\/a>\r\n           <\/article>                               \r\n          \r\n           <article class=\"project-post col-md-3\">\r\n               <a href=\"https:\/\/studiosonogram.com\/fr\/project\/gotham-knights\/\" class=\"project-link\">\r\n                   <div class=\"project-overlay\"><\/div>\r\n                   <div class=\"project-hover\">\r\n                       <h5 class=\"project-title\">Gotham Knights<\/h5>\r\n                       <p class=\"project-category\">Sous-titrage<\/p>\r\n                   <\/div>\r\n                                          <div class=\"image-placeholder\">\r\n                            <img width=\"840\" height=\"525\" src=\"https:\/\/studiosonogram.com\/wp-content\/uploads\/2022\/10\/gotham-840x525.jpg\" class=\"attachment-ptf-project-thumb size-ptf-project-thumb wp-post-image\" alt=\"\" loading=\"lazy\" \/>                       <\/div>\r\n                                  <\/a>\r\n           <\/article>                               \r\n          \r\n           <article class=\"project-post col-md-3\">\r\n               <a href=\"https:\/\/studiosonogram.com\/fr\/project\/dune\/\" class=\"project-link\">\r\n                   <div class=\"project-overlay\"><\/div>\r\n                   <div class=\"project-hover\">\r\n                       <h5 class=\"project-title\">Dune<\/h5>\r\n                       <p class=\"project-category\">Sous-titrage<\/p>\r\n                   <\/div>\r\n                                          <div class=\"image-placeholder\">\r\n                            <img width=\"752\" height=\"440\" src=\"https:\/\/studiosonogram.com\/wp-content\/uploads\/2022\/01\/unnamed.jpg\" class=\"attachment-ptf-project-thumb size-ptf-project-thumb wp-post-image\" alt=\"\" loading=\"lazy\" srcset=\"https:\/\/studiosonogram.com\/wp-content\/uploads\/2022\/01\/unnamed.jpg 752w, https:\/\/studiosonogram.com\/wp-content\/uploads\/2022\/01\/unnamed-300x176.jpg 300w\" sizes=\"(max-width: 752px) 100vw, 752px\" \/>                       <\/div>\r\n                                  <\/a>\r\n           <\/article>                               \r\n          \r\n           <article class=\"project-post col-md-3\">\r\n               <a href=\"https:\/\/studiosonogram.com\/fr\/project\/pokemon-detective-pikachu\/\" class=\"project-link\">\r\n                   <div class=\"project-overlay\"><\/div>\r\n                   <div class=\"project-hover\">\r\n                       <h5 class=\"project-title\">Pok\u00e9mon &#8211; D\u00e9tective Pikachu<\/h5>\r\n                       <p class=\"project-category\">Sous-titrage<\/p>\r\n                   <\/div>\r\n                                          <div class=\"image-placeholder\">\r\n                            <img width=\"840\" height=\"525\" src=\"https:\/\/studiosonogram.com\/wp-content\/uploads\/2020\/11\/Pokemon-840x525.jpg\" class=\"attachment-ptf-project-thumb size-ptf-project-thumb wp-post-image\" alt=\"\" loading=\"lazy\" \/>                       <\/div>\r\n                                  <\/a>\r\n           <\/article>                               \r\n          \r\n           <article class=\"project-post col-md-3\">\r\n               <a href=\"https:\/\/studiosonogram.com\/fr\/project\/it-2\/\" class=\"project-link\">\r\n                   <div class=\"project-overlay\"><\/div>\r\n                   <div class=\"project-hover\">\r\n                       <h5 class=\"project-title\">It 2<\/h5>\r\n                       <p class=\"project-category\">Sous-titrage<\/p>\r\n                   <\/div>\r\n                                          <div class=\"image-placeholder\">\r\n                            <img width=\"750\" height=\"445\" src=\"https:\/\/studiosonogram.com\/wp-content\/uploads\/2020\/11\/it-2.jpg\" class=\"attachment-ptf-project-thumb size-ptf-project-thumb wp-post-image\" alt=\"\" loading=\"lazy\" srcset=\"https:\/\/studiosonogram.com\/wp-content\/uploads\/2020\/11\/it-2.jpg 750w, https:\/\/studiosonogram.com\/wp-content\/uploads\/2020\/11\/it-2-300x178.jpg 300w\" sizes=\"(max-width: 750px) 100vw, 750px\" \/>                       <\/div>\r\n                                  <\/a>\r\n           <\/article>                               \r\n          \r\n           <article class=\"project-post col-md-3\">\r\n               <a href=\"https:\/\/studiosonogram.com\/fr\/project\/fast-furious-hobbs-shaw\/\" class=\"project-link\">\r\n                   <div class=\"project-overlay\"><\/div>\r\n                   <div class=\"project-hover\">\r\n                       <h5 class=\"project-title\">Fast &#038; Furious &#8211; Hobbs &#038; Shaw<\/h5>\r\n                       <p class=\"project-category\">Sous-titrage<\/p>\r\n                   <\/div>\r\n                                          <div class=\"image-placeholder\">\r\n                            <img width=\"764\" height=\"430\" src=\"https:\/\/studiosonogram.com\/wp-content\/uploads\/2020\/11\/Fast-and-Furious.jpg\" class=\"attachment-ptf-project-thumb size-ptf-project-thumb wp-post-image\" alt=\"\" loading=\"lazy\" srcset=\"https:\/\/studiosonogram.com\/wp-content\/uploads\/2020\/11\/Fast-and-Furious.jpg 764w, https:\/\/studiosonogram.com\/wp-content\/uploads\/2020\/11\/Fast-and-Furious-300x169.jpg 300w\" sizes=\"(max-width: 764px) 100vw, 764px\" \/>                       <\/div>\r\n                                  <\/a>\r\n           <\/article>                               \r\n          \r\n           <article class=\"project-post col-md-3\">\r\n               <a href=\"https:\/\/studiosonogram.com\/fr\/project\/the-high-note\/\" class=\"project-link\">\r\n                   <div class=\"project-overlay\"><\/div>\r\n                   <div class=\"project-hover\">\r\n                       <h5 class=\"project-title\">The High Note<\/h5>\r\n                       <p class=\"project-category\">Sous-titrage<\/p>\r\n                   <\/div>\r\n                                          <div class=\"image-placeholder\">\r\n                            <img width=\"840\" height=\"525\" src=\"https:\/\/studiosonogram.com\/wp-content\/uploads\/2020\/11\/The-high-note-840x525.jpg\" class=\"attachment-ptf-project-thumb size-ptf-project-thumb wp-post-image\" alt=\"\" loading=\"lazy\" \/>                       <\/div>\r\n                                  <\/a>\r\n           <\/article>                               \r\n        <\/div><!-- \/.projects-holder --><\/div><!-- Section End --><!-- Section Start --><div id=\"pourquoi-choisir-studio-sonogram\" class=\"clearfix standard\" style=\"background-color:#ffffff;   padding-bottom:60px; padding-top:60px;\"  ><div class=\"container\"><div class=\"row\">        \r\n        <div class=\"clearfix section-header\" style=\"padding-bottom:60px; \" >\r\n             <div class=\"col-sm-12 text-center\">\r\n                 <h3 style=\"color:#3e3e3e;\">Pourquoi choisir Studio Sonogram<\/h3>\r\n                 \r\n                                  \r\n            <\/div>\r\n        <\/div>\r\n\r\n    <div id=\"aq-block-269-14\" class=\"aq-block aq-block-ptf_text_image_block aq_span6 aq-first clearfix\"><div class=\"row\"><div class=\"col-md-8  col-sm-8\"><p>Notre longue exp\u00e9rience de l'industrie fait de Studio Sonogram le meilleur choix pour tous vos besoins audiovisuels en toutes occasions. Nous mettons tous les efforts \u00e0 accomplir ce que vous avez demand\u00e9 et produire rien de moins que la perfection \u00e0 chaque fois. Laissez le Studio Sonogram \u00eatre le partenaire du succ\u00e8s de votre projet!<\/p>\n<div class=\"spacer\"><\/div><\/div><\/div><\/div><div id=\"aq-block-269-15\" class=\"aq-block aq-block-ptf_skillbar_block aq_span6  clearfix\"><div class=\"progress-wrapper\">\r\n                <div class=\"progress-text\">\r\n                    <span class=\"left\">Enregistrement en studio<\/span>\r\n                    <span class=\"right\">100%<\/span>\r\n                <\/div>\r\n                <div class=\"progress\">\r\n                    <div class=\"progress-bar\" role=\"progressbar\" style=\"width:100%\"><\/div>\r\n               <\/div>\r\n                <div class=\"progress-text\">\r\n                    <span class=\"left\">Traduction audio\/vid\u00e9o\/documents<\/span>\r\n                    <span class=\"right\">100%<\/span>\r\n                <\/div>\r\n                <div class=\"progress\">\r\n                    <div class=\"progress-bar\" role=\"progressbar\" style=\"width:100%\"><\/div>\r\n               <\/div>\r\n                <div class=\"progress-text\">\r\n                    <span class=\"left\">Sous-titrage vid\u00e9o<\/span>\r\n                    <span class=\"right\">100%<\/span>\r\n                <\/div>\r\n                <div class=\"progress\">\r\n                    <div class=\"progress-bar\" role=\"progressbar\" style=\"width:100%\"><\/div>\r\n               <\/div><\/div><\/div><\/div><\/div><\/div><!-- Section End --><!-- Section Start --><div id=\"\" class=\"clearfix standard\" style=\"background-color:#ffffff;   padding-bottom:60px; padding-top:60px;\"  ><div class=\"container\"><div class=\"row\">        \r\n        <div class=\"clearfix section-header\" style=\"padding-bottom:60px; \" >\r\n             <div class=\"col-sm-12 text-center\">\r\n                 <h3 style=\"color:#ffffff;\">T\u00e9moignages<\/h3>\r\n                 \r\n                                  \r\n            <\/div>\r\n        <\/div>\r\n\r\n    <div class=\"col-sm-12 text-center\"><div class=\"flexslider carousel testimonials\"><ul class=\"slides\">\r\n                    <li class=\"testimonial-item\">\r\n                        <p>En tant que directeur associ\u00e9 de la T\u00e9l\u00e9 \u00e0 la carte et Sur demande pour Bell TV, j'ai eu le plaisir de travailler\r\navec Sonogram au cours des 5 derni\u00e8res ann\u00e9es en ce qui a trait \u00e0 la livraison vid\u00e9o et au sous-titrage.\r\n\r\nJ'ai constat\u00e9 que leurs services \u00e9taient tr\u00e8s bons en termes de qualit\u00e9. Ils sont tr\u00e8s fiables, se soucient\r\nvraiment de leurs clients et c\u2019est un plaisir de travailler avec eux.\r\n\r\nJe recommanderais fortement leurs services \u00e0 tous ceux qui recherchent des services vid\u00e9o ou de sous-titrage.<\/p>\r\n                        <div class=\"testimonial-author\"><strong>Mike Olivieri<\/strong>, Directeur associ\u00e9 - PPV et VOD - Bell TV<\/div>\r\n                    <\/li>\r\n                    <li class=\"testimonial-item\">\r\n                        <p>Depuis plus de 7 ans, nous avons d\u00e9velopp\u00e9 une collaboration solide avec l'\u00e9quipe de\u00a0SONOGRAM.\r\nAu fil des ann\u00e9es, nous avons pu constater que leurs normes de qualit\u00e9 sont tr\u00e8s \u00e9lev\u00e9es.\u00a0\r\nL'\u00e9quipe de\u00a0SONOGRAM\u00a0se distingue par son dynamisme et son professionnalisme.<\/p>\r\n                        <div class=\"testimonial-author\"><strong>Sylvain Gagn\u00e9<\/strong>, Directeur g\u00e9n\u00e9ral, FRISSONS TV<\/div>\r\n                    <\/li><\/ul><\/div><\/div><\/div><\/div><\/div><\/div><!-- Section End --><!-- Section Start --><div id=\"contact\" class=\"clearfix standard\" style=\"background-color:#ffffff;   padding-bottom:60px; padding-top:60px;\"  ><div class=\"container\"><div class=\"row\"><div id=\"aq-block-269-22\" class=\"aq-block aq-block-ptf_text_block aq_span12 aq-first clearfix\"><h2 style=\"text-align:center;\">Contactez-nous maintenant<\/h2>\n<p style=\"text-align:center;\">T\u00e9l\u00e9phone : <a href=\"tel:+14506622311\">(450) 662-2311<\/a><\/p>\n<p style=\"text-align:center;\">Courriel : <a href=\"mailto:info@studiosonogram.com\">info@studiosonogram.com<\/a><\/p>\n<p style=\"text-align:center;\">En personne : 990, rue Salaberry, Laval, QC H7S 2J1<\/p>\n<\/div><div id=\"aq-block-269-23\" class=\"aq-block aq-block-ptf_map_block aq_span12 aq-first clearfix\">        \r\n        <script>\r\n            function initialize() {\r\n                var myLatlng = new google.maps.LatLng(\"45.574810\",  \"-73.722839\");\r\n                var mapOptions = {\r\n                    zoom : 16,\r\n                    center : myLatlng,\r\n                    scrollwheel: false,\r\n                    streetViewControl : true\r\n                };\r\n                \r\n                var map = new google.maps.Map(document.getElementById(\"map-canvas829991362\"), mapOptions);\r\n                \r\n                var marker = new google.maps.Marker({\r\n                    position: myLatlng,\r\n                    map: map,\r\n                    title: \"Carte Studio Sonogram\",\r\n                    icon: null,\r\n                });\r\n            }\r\n    \r\n            function loadScript() {\r\n                var script = document.createElement('script');\r\n                script.type = 'text\/javascript';\r\n                script.src = 'https:\/\/maps.googleapis.com\/maps\/api\/js?v=3.exp&sensor=false&' + 'callback=initialize';\r\n                document.body.appendChild(script);\r\n            }\r\n    \r\n            window.onload = loadScript; \r\n        <\/script>\r\n        \r\n        <div id=\"map-canvas829991362\" class=\"contact-map\" style=\"height: 380px;\"><\/div>\r\n\r\n    <\/div><\/div><\/div><\/div><!-- Section End --><\/div>\n","protected":false},"excerpt":{"rendered":"","protected":false},"author":1,"featured_media":0,"parent":0,"menu_order":0,"comment_status":"open","ping_status":"open","template":"template-blank.php","meta":[],"yst_prominent_words":[],"_links":{"self":[{"href":"https:\/\/studiosonogram.com\/fr\/wp-json\/wp\/v2\/pages\/103"}],"collection":[{"href":"https:\/\/studiosonogram.com\/fr\/wp-json\/wp\/v2\/pages"}],"about":[{"href":"https:\/\/studiosonogram.com\/fr\/wp-json\/wp\/v2\/types\/page"}],"author":[{"embeddable":true,"href":"https:\/\/studiosonogram.com\/fr\/wp-json\/wp\/v2\/users\/1"}],"replies":[{"embeddable":true,"href":"https:\/\/studiosonogram.com\/fr\/wp-json\/wp\/v2\/comments?post=103"}],"version-history":[{"count":3,"href":"https:\/\/studiosonogram.com\/fr\/wp-json\/wp\/v2\/pages\/103\/revisions"}],"predecessor-version":[{"id":272,"href":"https:\/\/studiosonogram.com\/fr\/wp-json\/wp\/v2\/pages\/103\/revisions\/272"}],"wp:attachment":[{"href":"https:\/\/studiosonogram.com\/fr\/wp-json\/wp\/v2\/media?parent=103"}],"wp:term":[{"taxonomy":"yst_prominent_words","embeddable":true,"href":"https:\/\/studiosonogram.com\/fr\/wp-json\/wp\/v2\/yst_prominent_words?post=103"}],"curies":[{"name":"wp","href":"https:\/\/api.w.org\/{rel}","templated":true}]}}